{"id":9006,"date":"2026-03-26T12:08:57","date_gmt":"2026-03-26T17:08:57","guid":{"rendered":"https:\/\/visitquito.ec\/?page_id=9006"},"modified":"2026-04-01T09:44:20","modified_gmt":"2026-04-01T14:44:20","slug":"mejores-fanescas-en-quito-2026","status":"publish","type":"page","link":"https:\/\/visitquito.ec\/es\/mejores-fanescas-en-quito-2026\/","title":{"rendered":"Mejores fanescas en Quito 2026"},"content":{"rendered":"\t\t<div data-elementor-type=\"wp-page\" data-elementor-id=\"9006\" class=\"elementor elementor-9006\" data-elementor-post-type=\"page\">\n\t\t\t\t<div class=\"elementor-element elementor-element-e3c4e87 e-con-full e-flex e-con e-parent\" data-id=\"e3c4e87\" data-element_type=\"container\">\n\t\t<div class=\"elementor-element elementor-element-07a8403 e-grid e-con-full e-con e-child\" data-id=\"07a8403\" data-element_type=\"container\">\n\t\t\t\t<div class=\"elementor-element elementor-element-7f62b71 elementor-widget elementor-widget-image\" data-id=\"7f62b71\" data-element_type=\"widget\" data-widget_type=\"image.default\">\n\t\t\t\t<div class=\"elementor-widget-container\">\n\t\t\t\t\t\t\t\t\t\t\t\t\t\t\t<img fetchpriority=\"high\" decoding=\"async\" width=\"1920\" height=\"400\" src=\"https:\/\/visitquito.ec\/wp-content\/uploads\/2026\/03\/Banner-landing.jpg\" class=\"attachment-full size-full wp-image-9010\" alt=\"\" srcset=\"https:\/\/visitquito.ec\/wp-content\/uploads\/2026\/03\/Banner-landing.jpg 1920w, https:\/\/visitquito.ec\/wp-content\/uploads\/2026\/03\/Banner-landing-300x63.jpg 300w, https:\/\/visitquito.ec\/wp-content\/uploads\/2026\/03\/Banner-landing-1024x213.jpg 1024w, https:\/\/visitquito.ec\/wp-content\/uploads\/2026\/03\/Banner-landing-768x160.jpg 768w, https:\/\/visitquito.ec\/wp-content\/uploads\/2026\/03\/Banner-landing-1536x320.jpg 1536w\" sizes=\"(max-width: 1920px) 100vw, 1920px\" \/>\t\t\t\t\t\t\t\t\t\t\t\t\t\t\t<\/div>\n\t\t\t\t<\/div>\n\t\t\t\t<\/div>\n\t\t\t\t<\/div>\n\t\t<div class=\"elementor-element elementor-element-977579c e-flex e-con-boxed e-con e-parent\" data-id=\"977579c\" data-element_type=\"container\">\n\t\t\t\t\t<div class=\"e-con-inner\">\n\t\t<div class=\"elementor-element elementor-element-051f721 e-con-full e-flex e-con e-child\" data-id=\"051f721\" data-element_type=\"container\">\n\t\t\t\t<div class=\"elementor-element elementor-element-8f16b2d elementor-widget elementor-widget-heading\" data-id=\"8f16b2d\" data-element_type=\"widget\" data-widget_type=\"heading.default\">\n\t\t\t\t<div class=\"elementor-widget-container\">\n\t\t\t\t\t<h1 class=\"elementor-heading-title elementor-size-default\">Descubre las Mejores Fanescas de Quito 2026 <\/h1>\t\t\t\t<\/div>\n\t\t\t\t<\/div>\n\t\t\t\t<div class=\"elementor-element elementor-element-b175360 elementor-arrows-position-inside elementor-pagination-position-outside elementor-widget elementor-widget-image-carousel\" data-id=\"b175360\" data-element_type=\"widget\" data-settings=\"{&quot;slides_to_show&quot;:&quot;1&quot;,&quot;navigation&quot;:&quot;both&quot;,&quot;autoplay&quot;:&quot;yes&quot;,&quot;pause_on_hover&quot;:&quot;yes&quot;,&quot;pause_on_interaction&quot;:&quot;yes&quot;,&quot;autoplay_speed&quot;:5000,&quot;infinite&quot;:&quot;yes&quot;,&quot;effect&quot;:&quot;slide&quot;,&quot;speed&quot;:500}\" data-widget_type=\"image-carousel.default\">\n\t\t\t\t<div class=\"elementor-widget-container\">\n\t\t\t\t\t\t\t<div class=\"elementor-image-carousel-wrapper swiper\" role=\"region\" aria-roledescription=\"carousel\" aria-label=\"Image Carousel\" dir=\"ltr\">\n\t\t\t<div class=\"elementor-image-carousel swiper-wrapper\" aria-live=\"off\">\n\t\t\t\t\t\t\t\t<div class=\"swiper-slide\" role=\"group\" aria-roledescription=\"slide\" aria-label=\"1 de 4\"><figure class=\"swiper-slide-inner\"><img decoding=\"async\" class=\"swiper-slide-image\" src=\"https:\/\/visitquito.ec\/wp-content\/uploads\/2026\/03\/Fanesca-1.jpg\" alt=\"Fanesca-1\" \/><\/figure><\/div><div class=\"swiper-slide\" role=\"group\" aria-roledescription=\"slide\" aria-label=\"2 de 4\"><figure class=\"swiper-slide-inner\"><img decoding=\"async\" class=\"swiper-slide-image\" src=\"https:\/\/visitquito.ec\/wp-content\/uploads\/2026\/03\/Fanesca-2.jpg\" alt=\"Fanesca-2\" \/><\/figure><\/div><div class=\"swiper-slide\" role=\"group\" aria-roledescription=\"slide\" aria-label=\"3 de 4\"><figure class=\"swiper-slide-inner\"><img decoding=\"async\" class=\"swiper-slide-image\" src=\"https:\/\/visitquito.ec\/wp-content\/uploads\/2026\/03\/Fanesca-4.jpg\" alt=\"Fanesca-4\" \/><\/figure><\/div><div class=\"swiper-slide\" role=\"group\" aria-roledescription=\"slide\" aria-label=\"4 de 4\"><figure class=\"swiper-slide-inner\"><img decoding=\"async\" class=\"swiper-slide-image\" src=\"https:\/\/visitquito.ec\/wp-content\/uploads\/2026\/03\/Fanesca-3.jpg\" alt=\"Fanesca-3\" \/><\/figure><\/div>\t\t\t<\/div>\n\t\t\t\t\t\t\t\t\t\t\t\t<div class=\"elementor-swiper-button elementor-swiper-button-prev\" role=\"button\" tabindex=\"0\">\n\t\t\t\t\t\t<svg aria-hidden=\"true\" class=\"e-font-icon-svg e-eicon-chevron-left\" viewBox=\"0 0 1000 1000\" xmlns=\"http:\/\/www.w3.org\/2000\/svg\"><path d=\"M646 125C629 125 613 133 604 142L308 442C296 454 292 471 292 487 292 504 296 521 308 533L604 854C617 867 629 875 646 875 663 875 679 871 692 858 704 846 713 829 713 812 713 796 708 779 692 767L438 487 692 225C700 217 708 204 708 187 708 171 704 154 692 142 675 129 663 125 646 125Z\"><\/path><\/svg>\t\t\t\t\t<\/div>\n\t\t\t\t\t<div class=\"elementor-swiper-button elementor-swiper-button-next\" role=\"button\" tabindex=\"0\">\n\t\t\t\t\t\t<svg aria-hidden=\"true\" class=\"e-font-icon-svg e-eicon-chevron-right\" viewBox=\"0 0 1000 1000\" xmlns=\"http:\/\/www.w3.org\/2000\/svg\"><path d=\"M696 533C708 521 713 504 713 487 713 471 708 454 696 446L400 146C388 133 375 125 354 125 338 125 325 129 313 142 300 154 292 171 292 187 292 204 296 221 308 233L563 492 304 771C292 783 288 800 288 817 288 833 296 850 308 863 321 871 338 875 354 875 371 875 388 867 400 854L696 533Z\"><\/path><\/svg>\t\t\t\t\t<\/div>\n\t\t\t\t\n\t\t\t\t\t\t\t\t\t<div class=\"swiper-pagination\"><\/div>\n\t\t\t\t\t\t\t\t\t<\/div>\n\t\t\t\t\t\t<\/div>\n\t\t\t\t<\/div>\n\t\t\t\t<\/div>\n\t\t<div class=\"elementor-element elementor-element-7fcf75c e-con-full e-flex e-con e-child\" data-id=\"7fcf75c\" data-element_type=\"container\">\n\t\t\t\t<div class=\"elementor-element elementor-element-519207a elementor-widget elementor-widget-text-editor\" data-id=\"519207a\" data-element_type=\"widget\" data-widget_type=\"text-editor.default\">\n\t\t\t\t<div class=\"elementor-widget-container\">\n\t\t\t\t\t\t\t\t\t<p data-start=\"342\" data-end=\"496\">Cada a\u00f1o, Quito se convierte en el <strong>epicentro de una de las tradiciones gastron\u00f3micas m\u00e1s importantes del Ecuador<\/strong>: la fanesca.\u00a0<\/p><p data-start=\"1017\" data-end=\"1187\">La fanesca es mucho m\u00e1s que un plato t\u00edpico. Es una receta ancestral que combina granos andinos, bacalao, leche y zapallo, preparada especialmente durante Semana Santa.<\/p><p data-start=\"1189\" data-end=\"1362\">En Quito, esta tradici\u00f3n se vive con intensidad. Restaurantes, hoteles y cafeter\u00edas reinterpretan la receta a\u00f1o tras a\u00f1o, manteniendo su esencia pero aportando identidad propia.<\/p>\t\t\t\t\t\t\t\t<\/div>\n\t\t\t\t<\/div>\n\t\t\t\t<\/div>\n\t\t\t\t\t<\/div>\n\t\t\t\t<\/div>\n\t\t<div class=\"elementor-element elementor-element-2063a9e e-flex e-con-boxed e-con e-parent\" data-id=\"2063a9e\" data-element_type=\"container\">\n\t\t\t\t\t<div class=\"e-con-inner\">\n\t\t\t\t<div class=\"elementor-element elementor-element-d2ca2d3 elementor-widget elementor-widget-heading\" data-id=\"d2ca2d3\" data-element_type=\"widget\" data-widget_type=\"heading.default\">\n\t\t\t\t<div class=\"elementor-widget-container\">\n\t\t\t\t\t<h2 class=\"elementor-heading-title elementor-size-default\">Explora el mapa de las fanescas en Quito<\/h2>\t\t\t\t<\/div>\n\t\t\t\t<\/div>\n\t\t<div class=\"elementor-element elementor-element-012175e e-grid e-con-full e-con e-child\" data-id=\"012175e\" data-element_type=\"container\">\n\t\t\t\t<div class=\"elementor-element elementor-element-93815de elementor-widget elementor-widget-image\" data-id=\"93815de\" data-element_type=\"widget\" data-widget_type=\"image.default\">\n\t\t\t\t<div class=\"elementor-widget-container\">\n\t\t\t\t\t\t\t\t\t\t\t\t\t\t\t<img decoding=\"async\" width=\"700\" height=\"398\" src=\"https:\/\/visitquito.ec\/wp-content\/uploads\/2026\/03\/LOGO-Concurso-Fanesca.jpg\" class=\"attachment-large size-large wp-image-9056\" alt=\"\" srcset=\"https:\/\/visitquito.ec\/wp-content\/uploads\/2026\/03\/LOGO-Concurso-Fanesca.jpg 700w, https:\/\/visitquito.ec\/wp-content\/uploads\/2026\/03\/LOGO-Concurso-Fanesca-300x171.jpg 300w\" sizes=\"(max-width: 700px) 100vw, 700px\" \/>\t\t\t\t\t\t\t\t\t\t\t\t\t\t\t<\/div>\n\t\t\t\t<\/div>\n\t\t\t\t<div class=\"elementor-element elementor-element-9fd47a9 elementor-widget elementor-widget-text-editor\" data-id=\"9fd47a9\" data-element_type=\"widget\" data-widget_type=\"text-editor.default\">\n\t\t\t\t<div class=\"elementor-widget-container\">\n\t\t\t\t\t\t\t\t\t<p data-start=\"61\" data-end=\"320\">Este mapa est\u00e1 dise\u00f1ado para que planifiques tu recorrido gastron\u00f3mico de forma sencilla. Aqu\u00ed encontrar\u00e1s los 22 establecimientos ganadores del concurso <strong><em data-start=\"215\" data-end=\"246\">Memoria Viva de una Tradici\u00f3n<\/em><\/strong>, reconocidos por mantener vivos los sabores de la Semana Santa quite\u00f1a.<\/p><p data-start=\"1470\" data-end=\"1546\">Para garantizar calidad y autenticidad, se realiza una evaluaci\u00f3n basada en:<\/p><ul data-start=\"1548\" data-end=\"1693\"><li data-start=\"1548\" data-end=\"1586\" data-section-id=\"kzlpx\">Sabor y equilibrio de ingredientes<\/li><li data-start=\"1587\" data-end=\"1608\" data-section-id=\"1rf8at1\">T\u00e9cnica culinaria<\/li><li data-start=\"1609\" data-end=\"1635\" data-section-id=\"dchxdq\">Presentaci\u00f3n del plato<\/li><li data-start=\"1636\" data-end=\"1664\" data-section-id=\"1l0d9ws\">Uso de productos locales<\/li><li data-start=\"1665\" data-end=\"1693\" data-section-id=\"1esnpj3\">Respeto por la tradici\u00f3n<\/li><\/ul><p data-start=\"327\" data-end=\"451\" data-is-last-node=\"\">\u00a0<\/p>\t\t\t\t\t\t\t\t<\/div>\n\t\t\t\t<\/div>\n\t\t\t\t<\/div>\n\t\t\t\t\t<\/div>\n\t\t\t\t<\/div>\n\t\t<div class=\"elementor-element elementor-element-891d34b e-flex e-con-boxed e-con e-parent\" data-id=\"891d34b\" data-element_type=\"container\">\n\t\t\t\t\t<div class=\"e-con-inner\">\n\t\t\t\t<div class=\"elementor-element elementor-element-0d09758 elementor-widget elementor-widget-html\" data-id=\"0d09758\" data-element_type=\"widget\" data-widget_type=\"html.default\">\n\t\t\t\t<div class=\"elementor-widget-container\">\n\t\t\t\t\t<iframe src=\"https:\/\/www.google.com\/maps\/d\/embed?mid=17_0aqnJnPo1vOr6iu_W46csQtk761uw&ehbc=2E312F\" width=\"640\" height=\"700\"><\/iframe>\t\t\t\t<\/div>\n\t\t\t\t<\/div>\n\t\t\t\t\t<\/div>\n\t\t\t\t<\/div>\n\t\t<div class=\"elementor-element elementor-element-0d4860b e-flex e-con-boxed e-con e-parent\" data-id=\"0d4860b\" data-element_type=\"container\">\n\t\t\t\t\t<div class=\"e-con-inner\">\n\t\t\t\t<div class=\"elementor-element elementor-element-c3795aa elementor-widget elementor-widget-heading\" data-id=\"c3795aa\" data-element_type=\"widget\" data-widget_type=\"heading.default\">\n\t\t\t\t<div class=\"elementor-widget-container\">\n\t\t\t\t\t<h2 class=\"elementor-heading-title elementor-size-default\">Establecimientos Ganadores \"Memoria Viva de una Tradici\u00f3n\"<\/h2>\t\t\t\t<\/div>\n\t\t\t\t<\/div>\n\t\t\t\t\t<\/div>\n\t\t\t\t<\/div>\n\t\t<div class=\"elementor-element elementor-element-f337a3b e-flex e-con-boxed e-con e-parent\" data-id=\"f337a3b\" data-element_type=\"container\">\n\t\t\t\t\t<div class=\"e-con-inner\">\n\t\t<div class=\"elementor-element elementor-element-4ddead3 e-con-full e-flex e-con e-child\" data-id=\"4ddead3\" data-element_type=\"container\">\n\t\t\t\t<div class=\"elementor-element elementor-element-223e341 elementor-widget elementor-widget-image\" data-id=\"223e341\" data-element_type=\"widget\" data-widget_type=\"image.default\">\n\t\t\t\t<div class=\"elementor-widget-container\">\n\t\t\t\t\t\t\t\t\t\t\t\t\t\t\t<img decoding=\"async\" width=\"400\" height=\"200\" src=\"https:\/\/visitquito.ec\/wp-content\/uploads\/2026\/04\/Hotel-Finlandia-1er-lugar.jpg\" class=\"attachment-large size-large wp-image-9123\" alt=\"\" srcset=\"https:\/\/visitquito.ec\/wp-content\/uploads\/2026\/04\/Hotel-Finlandia-1er-lugar.jpg 400w, https:\/\/visitquito.ec\/wp-content\/uploads\/2026\/04\/Hotel-Finlandia-1er-lugar-300x150.jpg 300w\" sizes=\"(max-width: 400px) 100vw, 400px\" \/>\t\t\t\t\t\t\t\t\t\t\t\t\t\t\t<\/div>\n\t\t\t\t<\/div>\n\t\t\t\t<div class=\"elementor-element elementor-element-eadc2ba elementor-widget elementor-widget-heading\" data-id=\"eadc2ba\" data-element_type=\"widget\" data-widget_type=\"heading.default\">\n\t\t\t\t<div class=\"elementor-widget-container\">\n\t\t\t\t\t<h4 class=\"elementor-heading-title elementor-size-default\">PRIMER LUGAR<\/h4>\t\t\t\t<\/div>\n\t\t\t\t<\/div>\n\t\t\t\t<\/div>\n\t\t<div class=\"elementor-element elementor-element-413c793 e-con-full e-flex e-con e-child\" data-id=\"413c793\" data-element_type=\"container\">\n\t\t\t\t<div class=\"elementor-element elementor-element-9abc856 elementor-widget elementor-widget-image\" data-id=\"9abc856\" data-element_type=\"widget\" data-widget_type=\"image.default\">\n\t\t\t\t<div class=\"elementor-widget-container\">\n\t\t\t\t\t\t\t\t\t\t\t\t\t\t\t<img loading=\"lazy\" decoding=\"async\" width=\"400\" height=\"200\" src=\"https:\/\/visitquito.ec\/wp-content\/uploads\/2026\/04\/Santana-Tasting-2do-lugar.jpg\" class=\"attachment-large size-large wp-image-9125\" alt=\"\" srcset=\"https:\/\/visitquito.ec\/wp-content\/uploads\/2026\/04\/Santana-Tasting-2do-lugar.jpg 400w, https:\/\/visitquito.ec\/wp-content\/uploads\/2026\/04\/Santana-Tasting-2do-lugar-300x150.jpg 300w\" sizes=\"(max-width: 400px) 100vw, 400px\" \/>\t\t\t\t\t\t\t\t\t\t\t\t\t\t\t<\/div>\n\t\t\t\t<\/div>\n\t\t\t\t<div class=\"elementor-element elementor-element-eb76661 elementor-widget elementor-widget-heading\" data-id=\"eb76661\" data-element_type=\"widget\" data-widget_type=\"heading.default\">\n\t\t\t\t<div class=\"elementor-widget-container\">\n\t\t\t\t\t<h4 class=\"elementor-heading-title elementor-size-default\">SEGUNDO LUGAR<\/h4>\t\t\t\t<\/div>\n\t\t\t\t<\/div>\n\t\t\t\t<\/div>\n\t\t<div class=\"elementor-element elementor-element-7da6c0e e-con-full e-flex e-con e-child\" data-id=\"7da6c0e\" data-element_type=\"container\">\n\t\t\t\t<div class=\"elementor-element elementor-element-9b29a67 elementor-widget elementor-widget-image\" data-id=\"9b29a67\" data-element_type=\"widget\" data-widget_type=\"image.default\">\n\t\t\t\t<div class=\"elementor-widget-container\">\n\t\t\t\t\t\t\t\t\t\t\t\t\t\t\t<img loading=\"lazy\" decoding=\"async\" width=\"400\" height=\"200\" src=\"https:\/\/visitquito.ec\/wp-content\/uploads\/2026\/04\/Holiday-Inn-3er-Lugar.jpg\" class=\"attachment-large size-large wp-image-9127\" alt=\"\" srcset=\"https:\/\/visitquito.ec\/wp-content\/uploads\/2026\/04\/Holiday-Inn-3er-Lugar.jpg 400w, https:\/\/visitquito.ec\/wp-content\/uploads\/2026\/04\/Holiday-Inn-3er-Lugar-300x150.jpg 300w\" sizes=\"(max-width: 400px) 100vw, 400px\" \/>\t\t\t\t\t\t\t\t\t\t\t\t\t\t\t<\/div>\n\t\t\t\t<\/div>\n\t\t\t\t<div class=\"elementor-element elementor-element-2bc53bb elementor-widget elementor-widget-heading\" data-id=\"2bc53bb\" data-element_type=\"widget\" data-widget_type=\"heading.default\">\n\t\t\t\t<div class=\"elementor-widget-container\">\n\t\t\t\t\t<h4 class=\"elementor-heading-title elementor-size-default\">TERCER LUGAR<\/h4>\t\t\t\t<\/div>\n\t\t\t\t<\/div>\n\t\t\t\t<\/div>\n\t\t<div class=\"elementor-element elementor-element-be1bf0f e-con-full e-flex e-con e-child\" data-id=\"be1bf0f\" data-element_type=\"container\">\n\t\t\t\t<div class=\"elementor-element elementor-element-b7c267d elementor-widget elementor-widget-image\" data-id=\"b7c267d\" data-element_type=\"widget\" data-widget_type=\"image.default\">\n\t\t\t\t<div class=\"elementor-widget-container\">\n\t\t\t\t\t\t\t\t\t\t\t\t\t\t\t<img loading=\"lazy\" decoding=\"async\" width=\"400\" height=\"200\" src=\"https:\/\/visitquito.ec\/wp-content\/uploads\/2026\/04\/227-Resto-Bar-4t0-lugar.jpg\" class=\"attachment-large size-large wp-image-9129\" alt=\"\" srcset=\"https:\/\/visitquito.ec\/wp-content\/uploads\/2026\/04\/227-Resto-Bar-4t0-lugar.jpg 400w, https:\/\/visitquito.ec\/wp-content\/uploads\/2026\/04\/227-Resto-Bar-4t0-lugar-300x150.jpg 300w\" sizes=\"(max-width: 400px) 100vw, 400px\" \/>\t\t\t\t\t\t\t\t\t\t\t\t\t\t\t<\/div>\n\t\t\t\t<\/div>\n\t\t\t\t<div class=\"elementor-element elementor-element-b6ddbbc elementor-widget elementor-widget-heading\" data-id=\"b6ddbbc\" data-element_type=\"widget\" data-widget_type=\"heading.default\">\n\t\t\t\t<div class=\"elementor-widget-container\">\n\t\t\t\t\t<h4 class=\"elementor-heading-title elementor-size-default\">CUARTO LUGAR<\/h4>\t\t\t\t<\/div>\n\t\t\t\t<\/div>\n\t\t\t\t<\/div>\n\t\t<div class=\"elementor-element elementor-element-8a7672e e-con-full e-flex e-con e-child\" data-id=\"8a7672e\" data-element_type=\"container\">\n\t\t\t\t<div class=\"elementor-element elementor-element-524593f elementor-widget elementor-widget-image\" data-id=\"524593f\" data-element_type=\"widget\" data-widget_type=\"image.default\">\n\t\t\t\t<div class=\"elementor-widget-container\">\n\t\t\t\t\t\t\t\t\t\t\t\t\t\t\t<img loading=\"lazy\" decoding=\"async\" width=\"400\" height=\"200\" src=\"https:\/\/visitquito.ec\/wp-content\/uploads\/2026\/04\/zero-lab-5to-lugar.jpg\" class=\"attachment-large size-large wp-image-9131\" alt=\"\" srcset=\"https:\/\/visitquito.ec\/wp-content\/uploads\/2026\/04\/zero-lab-5to-lugar.jpg 400w, https:\/\/visitquito.ec\/wp-content\/uploads\/2026\/04\/zero-lab-5to-lugar-300x150.jpg 300w\" sizes=\"(max-width: 400px) 100vw, 400px\" \/>\t\t\t\t\t\t\t\t\t\t\t\t\t\t\t<\/div>\n\t\t\t\t<\/div>\n\t\t\t\t<div class=\"elementor-element elementor-element-241dd5f elementor-widget elementor-widget-heading\" data-id=\"241dd5f\" data-element_type=\"widget\" data-widget_type=\"heading.default\">\n\t\t\t\t<div class=\"elementor-widget-container\">\n\t\t\t\t\t<h4 class=\"elementor-heading-title elementor-size-default\">QUINTO LUGAR<\/h4>\t\t\t\t<\/div>\n\t\t\t\t<\/div>\n\t\t\t\t<\/div>\n\t\t\t\t\t<\/div>\n\t\t\t\t<\/div>\n\t\t<div class=\"elementor-element elementor-element-de7f24e e-flex e-con-boxed e-con e-parent\" data-id=\"de7f24e\" data-element_type=\"container\">\n\t\t\t\t\t<div class=\"e-con-inner\">\n\t\t<div class=\"elementor-element elementor-element-940e7f3 e-con-full e-flex e-con e-child\" data-id=\"940e7f3\" data-element_type=\"container\" data-settings=\"{&quot;background_background&quot;:&quot;classic&quot;}\">\n\t\t\t\t<div class=\"elementor-element elementor-element-6ca49ed elementor-widget elementor-widget-heading\" data-id=\"6ca49ed\" data-element_type=\"widget\" data-widget_type=\"heading.default\">\n\t\t\t\t<div class=\"elementor-widget-container\">\n\t\t\t\t\t<h1 class=\"elementor-heading-title elementor-size-default\">HOTELES<\/h1>\t\t\t\t<\/div>\n\t\t\t\t<\/div>\n\t\t\t\t<div class=\"elementor-element elementor-element-9978f24 elementor-widget elementor-widget-text-editor\" data-id=\"9978f24\" data-element_type=\"widget\" data-widget_type=\"text-editor.default\">\n\t\t\t\t<div class=\"elementor-widget-container\">\n\t\t\t\t\t\t\t\t\t<ul><li>Mercure Hotel Alameda Quito<\/li><li>Hotel Embassy<\/li><li>Hotel Wyndham Garden Quito<\/li><li>Hotel Holiday Inn Quito Airport<\/li><li>Hotel La Quinta By Wyndham Quito<\/li><li>Hotel Quito<\/li><li>Hotel Le Parc<\/li><li>Hotel Finlandia<\/li><li>Hotel Sheraton Quito<\/li><\/ul>\t\t\t\t\t\t\t\t<\/div>\n\t\t\t\t<\/div>\n\t\t\t\t<\/div>\n\t\t<div class=\"elementor-element elementor-element-51dadaf e-con-full e-flex e-con e-child\" data-id=\"51dadaf\" data-element_type=\"container\" data-settings=\"{&quot;background_background&quot;:&quot;classic&quot;}\">\n\t\t\t\t<div class=\"elementor-element elementor-element-dfb2956 elementor-widget elementor-widget-heading\" data-id=\"dfb2956\" data-element_type=\"widget\" data-widget_type=\"heading.default\">\n\t\t\t\t<div class=\"elementor-widget-container\">\n\t\t\t\t\t<h1 class=\"elementor-heading-title elementor-size-default\">RESTAURANTES<\/h1>\t\t\t\t<\/div>\n\t\t\t\t<\/div>\n\t\t\t\t<div class=\"elementor-element elementor-element-99ff2a8 elementor-widget elementor-widget-text-editor\" data-id=\"99ff2a8\" data-element_type=\"widget\" data-widget_type=\"text-editor.default\">\n\t\t\t\t<div class=\"elementor-widget-container\">\n\t\t\t\t\t\t\t\t\t<ul><li>Cafeter\u00eda 227 Resto &#8211; Caf\u00e9<\/li><li>La Posada del Chagra<\/li><li>Restaurante San Ignacio<\/li><li>Nuestro Legado Restaurante<\/li><li>Menestras del Negro<\/li><li>Santana Tasting Lounge<\/li><li>Zero Lab Fine Dining<\/li><li>Tablita del T\u00e1rtaro<\/li><li>Restaurante Jos\u00e9 Manuel<\/li><li>Raqeri Casona de los Sentidos<\/li><\/ul>\t\t\t\t\t\t\t\t<\/div>\n\t\t\t\t<\/div>\n\t\t\t\t<\/div>\n\t\t<div class=\"elementor-element elementor-element-dcac3dc e-con-full e-flex e-con e-child\" data-id=\"dcac3dc\" data-element_type=\"container\" data-settings=\"{&quot;background_background&quot;:&quot;classic&quot;}\">\n\t\t<div class=\"elementor-element elementor-element-876366e e-grid e-con-full e-con e-child\" data-id=\"876366e\" data-element_type=\"container\" data-settings=\"{&quot;background_background&quot;:&quot;classic&quot;}\">\n\t\t\t\t<div class=\"elementor-element elementor-element-23ba48e elementor-widget elementor-widget-heading\" data-id=\"23ba48e\" data-element_type=\"widget\" data-widget_type=\"heading.default\">\n\t\t\t\t<div class=\"elementor-widget-container\">\n\t\t\t\t\t<h1 class=\"elementor-heading-title elementor-size-default\">MERCADOS<\/h1>\t\t\t\t<\/div>\n\t\t\t\t<\/div>\n\t\t\t\t<div class=\"elementor-element elementor-element-c4153ba elementor-widget elementor-widget-text-editor\" data-id=\"c4153ba\" data-element_type=\"widget\" data-widget_type=\"text-editor.default\">\n\t\t\t\t<div class=\"elementor-widget-container\">\n\t\t\t\t\t\t\t\t\t<ul><li>\u00a0Mercado Chiriyacu &#8211; Johana Villac\u00eds Bastidas<\/li><li>Mercado I\u00f1aquito &#8211; Adriana Elizabeth Guaraca<\/li><\/ul>\t\t\t\t\t\t\t\t<\/div>\n\t\t\t\t<\/div>\n\t\t\t\t<\/div>\n\t\t<div class=\"elementor-element elementor-element-3519781 e-grid e-con-full e-con e-child\" data-id=\"3519781\" data-element_type=\"container\" data-settings=\"{&quot;background_background&quot;:&quot;classic&quot;}\">\n\t\t\t\t<div class=\"elementor-element elementor-element-9ada088 elementor-widget elementor-widget-heading\" data-id=\"9ada088\" data-element_type=\"widget\" data-widget_type=\"heading.default\">\n\t\t\t\t<div class=\"elementor-widget-container\">\n\t\t\t\t\t<h1 class=\"elementor-heading-title elementor-size-default\">RURALIDAD<\/h1>\t\t\t\t<\/div>\n\t\t\t\t<\/div>\n\t\t\t\t<div class=\"elementor-element elementor-element-76c0702 elementor-widget elementor-widget-text-editor\" data-id=\"76c0702\" data-element_type=\"widget\" data-widget_type=\"text-editor.default\">\n\t\t\t\t<div class=\"elementor-widget-container\">\n\t\t\t\t\t\t\t\t\t<ul><li>Restaurante Mirador Yunguilla<\/li><\/ul>\t\t\t\t\t\t\t\t<\/div>\n\t\t\t\t<\/div>\n\t\t\t\t<\/div>\n\t\t\t\t<\/div>\n\t\t\t\t\t<\/div>\n\t\t\t\t<\/div>\n\t\t\t\t<\/div>\n\t\t","protected":false},"excerpt":{"rendered":"<p>Descubre las Mejores Fanescas de Quito 2026 Cada a\u00f1o, Quito se convierte en el epicentro de una de las tradiciones gastron\u00f3micas m\u00e1s importantes del Ecuador: la fanesca.\u00a0 La fanesca es mucho m\u00e1s que un plato t\u00edpico. Es una receta ancestral que combina granos andinos, bacalao, leche y zapallo, preparada especialmente durante Semana Santa. En Quito, [&hellip;]<\/p>\n","protected":false},"author":12,"featured_media":9007,"parent":0,"menu_order":0,"comment_status":"closed","ping_status":"closed","template":"","meta":{"footnotes":""},"class_list":["post-9006","page","type-page","status-publish","has-post-thumbnail","hentry"],"aioseo_notices":[],"_links":{"self":[{"href":"https:\/\/visitquito.ec\/es\/wp-json\/wp\/v2\/pages\/9006","targetHints":{"allow":["GET"]}}],"collection":[{"href":"https:\/\/visitquito.ec\/es\/wp-json\/wp\/v2\/pages"}],"about":[{"href":"https:\/\/visitquito.ec\/es\/wp-json\/wp\/v2\/types\/page"}],"author":[{"embeddable":true,"href":"https:\/\/visitquito.ec\/es\/wp-json\/wp\/v2\/users\/12"}],"replies":[{"embeddable":true,"href":"https:\/\/visitquito.ec\/es\/wp-json\/wp\/v2\/comments?post=9006"}],"version-history":[{"count":64,"href":"https:\/\/visitquito.ec\/es\/wp-json\/wp\/v2\/pages\/9006\/revisions"}],"predecessor-version":[{"id":9135,"href":"https:\/\/visitquito.ec\/es\/wp-json\/wp\/v2\/pages\/9006\/revisions\/9135"}],"wp:featuredmedia":[{"embeddable":true,"href":"https:\/\/visitquito.ec\/es\/wp-json\/wp\/v2\/media\/9007"}],"wp:attachment":[{"href":"https:\/\/visitquito.ec\/es\/wp-json\/wp\/v2\/media?parent=9006"}],"curies":[{"name":"wp","href":"https:\/\/api.w.org\/{rel}","templated":true}]}}