{"id":9326,"date":"2026-04-12T11:37:44","date_gmt":"2026-04-12T16:37:44","guid":{"rendered":"https:\/\/visitquito.ec\/?page_id=9326"},"modified":"2026-04-16T12:58:44","modified_gmt":"2026-04-16T17:58:44","slug":"grandes-eventos-calendario","status":"publish","type":"page","link":"https:\/\/visitquito.ec\/es\/grandes-eventos-calendario\/","title":{"rendered":"Agenda de conciertos y Grandes Eventos"},"content":{"rendered":"\t\t<div data-elementor-type=\"wp-page\" data-elementor-id=\"9326\" class=\"elementor elementor-9326\" data-elementor-post-type=\"page\">\n\t\t\t\t<div class=\"elementor-element elementor-element-9baeb2b e-flex e-con-boxed e-con e-parent\" data-id=\"9baeb2b\" data-element_type=\"container\">\n\t\t\t\t\t<div class=\"e-con-inner\">\n\t\t\t\t<div class=\"elementor-element elementor-element-39f0a47 elementor-widget elementor-widget-heading\" data-id=\"39f0a47\" data-element_type=\"widget\" data-widget_type=\"heading.default\">\n\t\t\t\t<div class=\"elementor-widget-container\">\n\t\t\t\t\t<h2 class=\"elementor-heading-title elementor-size-default\">AGENDA DE<\/h2>\t\t\t\t<\/div>\n\t\t\t\t<\/div>\n\t\t\t\t<div class=\"elementor-element elementor-element-fc01e80 elementor-widget elementor-widget-heading\" data-id=\"fc01e80\" data-element_type=\"widget\" data-widget_type=\"heading.default\">\n\t\t\t\t<div class=\"elementor-widget-container\">\n\t\t\t\t\t<h2 class=\"elementor-heading-title elementor-size-default\">GRANDES EVENTOS DE LA CIUDAD<\/h2>\t\t\t\t<\/div>\n\t\t\t\t<\/div>\n\t\t\t\t<div class=\"elementor-element elementor-element-5f234e3 elementor-widget-divider--view-line elementor-widget elementor-widget-divider\" data-id=\"5f234e3\" data-element_type=\"widget\" data-widget_type=\"divider.default\">\n\t\t\t\t<div class=\"elementor-widget-container\">\n\t\t\t\t\t\t\t<div class=\"elementor-divider\">\n\t\t\t<span class=\"elementor-divider-separator\">\n\t\t\t\t\t\t<\/span>\n\t\t<\/div>\n\t\t\t\t\t\t<\/div>\n\t\t\t\t<\/div>\n\t\t\t\t\t<\/div>\n\t\t\t\t<\/div>\n\t\t<div class=\"elementor-element elementor-element-fd61075 e-flex e-con-boxed e-con e-parent\" data-id=\"fd61075\" data-element_type=\"container\">\n\t\t\t\t\t<div class=\"e-con-inner\">\n\t\t<div class=\"elementor-element elementor-element-3306102 e-con-full e-flex e-con e-child\" data-id=\"3306102\" data-element_type=\"container\">\n\t\t\t\t<div class=\"elementor-element elementor-element-2b23e2c elementor-widget elementor-widget-text-editor\" data-id=\"2b23e2c\" data-element_type=\"widget\" data-widget_type=\"text-editor.default\">\n\t\t\t\t<div class=\"elementor-widget-container\">\n\t\t\t\t\t\t\t\t\t<p><strong>30 ABR<\/strong><\/p>\t\t\t\t\t\t\t\t<\/div>\n\t\t\t\t<\/div>\n\t\t\t\t<\/div>\n\t\t<div class=\"elementor-element elementor-element-3238260 e-con-full e-flex e-con e-child\" data-id=\"3238260\" data-element_type=\"container\">\n\t\t\t\t<div class=\"elementor-element elementor-element-963418a elementor-widget elementor-widget-text-editor\" data-id=\"963418a\" data-element_type=\"widget\" data-widget_type=\"text-editor.default\">\n\t\t\t\t<div class=\"elementor-widget-container\">\n\t\t\t\t\t\t\t\t\t<p style=\"text-align: center;\"><strong>SEBASTIAN YATRA<\/strong><\/p>\t\t\t\t\t\t\t\t<\/div>\n\t\t\t\t<\/div>\n\t\t\t\t<div class=\"elementor-element elementor-element-3f20c74 elementor-widget elementor-widget-text-editor\" data-id=\"3f20c74\" data-element_type=\"widget\" data-widget_type=\"text-editor.default\">\n\t\t\t\t<div class=\"elementor-widget-container\">\n\t\t\t\t\t\t\t\t\t<p class=\"ql-align-center\">Coliseo General Ruminahui<\/p>\t\t\t\t\t\t\t\t<\/div>\n\t\t\t\t<\/div>\n\t\t\t\t<div class=\"elementor-element elementor-element-c479838 elementor-icon-list--layout-traditional elementor-list-item-link-full_width elementor-widget elementor-widget-icon-list\" data-id=\"c479838\" data-element_type=\"widget\" data-widget_type=\"icon-list.default\">\n\t\t\t\t<div class=\"elementor-widget-container\">\n\t\t\t\t\t\t\t<ul class=\"elementor-icon-list-items\">\n\t\t\t\t\t\t\t<li class=\"elementor-icon-list-item\">\n\t\t\t\t\t\t\t\t\t\t\t<a href=\"https:\/\/visitquito.ec\/es\/sebastian-yatra-30-abril\/\">\n\n\t\t\t\t\t\t\t\t\t\t\t\t<span class=\"elementor-icon-list-icon\">\n\t\t\t\t\t\t\t<svg aria-hidden=\"true\" class=\"e-font-icon-svg e-fas-external-link-alt\" viewBox=\"0 0 512 512\" xmlns=\"http:\/\/www.w3.org\/2000\/svg\"><path d=\"M432,320H400a16,16,0,0,0-16,16V448H64V128H208a16,16,0,0,0,16-16V80a16,16,0,0,0-16-16H48A48,48,0,0,0,0,112V464a48,48,0,0,0,48,48H400a48,48,0,0,0,48-48V336A16,16,0,0,0,432,320ZM488,0h-128c-21.37,0-32.05,25.91-17,41l35.73,35.73L135,320.37a24,24,0,0,0,0,34L157.67,377a24,24,0,0,0,34,0L435.28,133.32,471,169c15,15,41,4.5,41-17V24A24,24,0,0,0,488,0Z\"><\/path><\/svg>\t\t\t\t\t\t<\/span>\n\t\t\t\t\t\t\t\t\t\t<span class=\"elementor-icon-list-text\">M\u00e1s Info.<\/span>\n\t\t\t\t\t\t\t\t\t\t\t<\/a>\n\t\t\t\t\t\t\t\t\t<\/li>\n\t\t\t\t\t\t<\/ul>\n\t\t\t\t\t\t<\/div>\n\t\t\t\t<\/div>\n\t\t\t\t<\/div>\n\t\t<div class=\"elementor-element elementor-element-ec08ff4 e-con-full e-flex e-con e-child\" data-id=\"ec08ff4\" data-element_type=\"container\">\n\t\t\t\t<div class=\"elementor-element elementor-element-e8998f4 elementor-widget elementor-widget-image\" data-id=\"e8998f4\" data-element_type=\"widget\" data-widget_type=\"image.default\">\n\t\t\t\t<div class=\"elementor-widget-container\">\n\t\t\t\t\t\t\t\t\t\t\t\t\t\t\t\t<a href=\"https:\/\/visitquito.ec\/es\/sebastian-yatra-30-abril\/\">\n\t\t\t\t\t\t\t<img fetchpriority=\"high\" decoding=\"async\" width=\"500\" height=\"315\" src=\"https:\/\/visitquito.ec\/wp-content\/uploads\/2026\/04\/Yatra-30abril.jpg\" class=\"elementor-animation-sink attachment-large size-large wp-image-9272\" alt=\"Sebastian Yatra en Quito - Quito Turismo - VisitQuito\" srcset=\"https:\/\/visitquito.ec\/wp-content\/uploads\/2026\/04\/Yatra-30abril.jpg 500w, https:\/\/visitquito.ec\/wp-content\/uploads\/2026\/04\/Yatra-30abril-300x189.jpg 300w\" sizes=\"(max-width: 500px) 100vw, 500px\" \/>\t\t\t\t\t\t\t\t<\/a>\n\t\t\t\t\t\t\t\t\t\t\t\t\t\t\t<\/div>\n\t\t\t\t<\/div>\n\t\t\t\t<\/div>\n\t\t\t\t\t<\/div>\n\t\t\t\t<\/div>\n\t\t<div class=\"elementor-element elementor-element-2323cd0 e-flex e-con-boxed e-con e-parent\" data-id=\"2323cd0\" data-element_type=\"container\" data-settings=\"{&quot;background_background&quot;:&quot;classic&quot;}\">\n\t\t\t\t\t<div class=\"e-con-inner\">\n\t\t<div class=\"elementor-element elementor-element-762a5d6 e-con-full e-flex e-con e-child\" data-id=\"762a5d6\" data-element_type=\"container\">\n\t\t\t\t<div class=\"elementor-element elementor-element-088d161 elementor-widget elementor-widget-text-editor\" data-id=\"088d161\" data-element_type=\"widget\" data-widget_type=\"text-editor.default\">\n\t\t\t\t<div class=\"elementor-widget-container\">\n\t\t\t\t\t\t\t\t\t<p><strong>12 MAY<\/strong><\/p>\t\t\t\t\t\t\t\t<\/div>\n\t\t\t\t<\/div>\n\t\t\t\t<\/div>\n\t\t<div class=\"elementor-element elementor-element-84f22a5 e-con-full e-flex e-con e-child\" data-id=\"84f22a5\" data-element_type=\"container\">\n\t\t\t\t<div class=\"elementor-element elementor-element-beb34f8 elementor-widget elementor-widget-text-editor\" data-id=\"beb34f8\" data-element_type=\"widget\" data-widget_type=\"text-editor.default\">\n\t\t\t\t<div class=\"elementor-widget-container\">\n\t\t\t\t\t\t\t\t\t<p style=\"text-align: center;\"><strong>MON LAFERTE<\/strong><\/p>\t\t\t\t\t\t\t\t<\/div>\n\t\t\t\t<\/div>\n\t\t\t\t<div class=\"elementor-element elementor-element-2a2e451 elementor-widget elementor-widget-text-editor\" data-id=\"2a2e451\" data-element_type=\"widget\" data-widget_type=\"text-editor.default\">\n\t\t\t\t<div class=\"elementor-widget-container\">\n\t\t\t\t\t\t\t\t\t<p class=\"ql-align-center\">Parque Bicentenario<\/p>\t\t\t\t\t\t\t\t<\/div>\n\t\t\t\t<\/div>\n\t\t\t\t<div class=\"elementor-element elementor-element-4e6a39b elementor-icon-list--layout-traditional elementor-list-item-link-full_width elementor-widget elementor-widget-icon-list\" data-id=\"4e6a39b\" data-element_type=\"widget\" data-widget_type=\"icon-list.default\">\n\t\t\t\t<div class=\"elementor-widget-container\">\n\t\t\t\t\t\t\t<ul class=\"elementor-icon-list-items\">\n\t\t\t\t\t\t\t<li class=\"elementor-icon-list-item\">\n\t\t\t\t\t\t\t\t\t\t\t<a href=\"https:\/\/visitquito.ec\/es\/mon-laferte-12-de-mayo\/\">\n\n\t\t\t\t\t\t\t\t\t\t\t\t<span class=\"elementor-icon-list-icon\">\n\t\t\t\t\t\t\t<svg aria-hidden=\"true\" class=\"e-font-icon-svg e-fas-external-link-alt\" viewBox=\"0 0 512 512\" xmlns=\"http:\/\/www.w3.org\/2000\/svg\"><path d=\"M432,320H400a16,16,0,0,0-16,16V448H64V128H208a16,16,0,0,0,16-16V80a16,16,0,0,0-16-16H48A48,48,0,0,0,0,112V464a48,48,0,0,0,48,48H400a48,48,0,0,0,48-48V336A16,16,0,0,0,432,320ZM488,0h-128c-21.37,0-32.05,25.91-17,41l35.73,35.73L135,320.37a24,24,0,0,0,0,34L157.67,377a24,24,0,0,0,34,0L435.28,133.32,471,169c15,15,41,4.5,41-17V24A24,24,0,0,0,488,0Z\"><\/path><\/svg>\t\t\t\t\t\t<\/span>\n\t\t\t\t\t\t\t\t\t\t<span class=\"elementor-icon-list-text\">M\u00e1s Info.<\/span>\n\t\t\t\t\t\t\t\t\t\t\t<\/a>\n\t\t\t\t\t\t\t\t\t<\/li>\n\t\t\t\t\t\t<\/ul>\n\t\t\t\t\t\t<\/div>\n\t\t\t\t<\/div>\n\t\t\t\t<\/div>\n\t\t<div class=\"elementor-element elementor-element-6f13a25 e-con-full e-flex e-con e-child\" data-id=\"6f13a25\" data-element_type=\"container\">\n\t\t\t\t<div class=\"elementor-element elementor-element-f84d8e8 elementor-widget elementor-widget-image\" data-id=\"f84d8e8\" data-element_type=\"widget\" data-widget_type=\"image.default\">\n\t\t\t\t<div class=\"elementor-widget-container\">\n\t\t\t\t\t\t\t\t\t\t\t\t\t\t\t\t<a href=\"https:\/\/visitquito.ec\/es\/mon-laferte-12-de-mayo\/\">\n\t\t\t\t\t\t\t<img decoding=\"async\" width=\"500\" height=\"315\" src=\"https:\/\/visitquito.ec\/wp-content\/uploads\/2026\/04\/Mon-Laferte-12mayo.jpg\" class=\"elementor-animation-sink attachment-large size-large wp-image-9274\" alt=\"Mon Laferte en Quito - Quito Turismo - VisitQuito\" srcset=\"https:\/\/visitquito.ec\/wp-content\/uploads\/2026\/04\/Mon-Laferte-12mayo.jpg 500w, https:\/\/visitquito.ec\/wp-content\/uploads\/2026\/04\/Mon-Laferte-12mayo-300x189.jpg 300w\" sizes=\"(max-width: 500px) 100vw, 500px\" \/>\t\t\t\t\t\t\t\t<\/a>\n\t\t\t\t\t\t\t\t\t\t\t\t\t\t\t<\/div>\n\t\t\t\t<\/div>\n\t\t\t\t<\/div>\n\t\t\t\t\t<\/div>\n\t\t\t\t<\/div>\n\t\t<div class=\"elementor-element elementor-element-3658c40 e-flex e-con-boxed e-con e-parent\" data-id=\"3658c40\" data-element_type=\"container\">\n\t\t\t\t\t<div class=\"e-con-inner\">\n\t\t<div class=\"elementor-element elementor-element-119407f e-con-full e-flex e-con e-child\" data-id=\"119407f\" data-element_type=\"container\">\n\t\t\t\t<div class=\"elementor-element elementor-element-0865d60 elementor-widget elementor-widget-text-editor\" data-id=\"0865d60\" data-element_type=\"widget\" data-widget_type=\"text-editor.default\">\n\t\t\t\t<div class=\"elementor-widget-container\">\n\t\t\t\t\t\t\t\t\t<p><strong>23 MAY<\/strong><\/p>\t\t\t\t\t\t\t\t<\/div>\n\t\t\t\t<\/div>\n\t\t\t\t<\/div>\n\t\t<div class=\"elementor-element elementor-element-6ca6035 e-con-full e-flex e-con e-child\" data-id=\"6ca6035\" data-element_type=\"container\">\n\t\t\t\t<div class=\"elementor-element elementor-element-adffe69 elementor-widget elementor-widget-text-editor\" data-id=\"adffe69\" data-element_type=\"widget\" data-widget_type=\"text-editor.default\">\n\t\t\t\t<div class=\"elementor-widget-container\">\n\t\t\t\t\t\t\t\t\t<p style=\"text-align: center;\"><strong>ED SHEERAN<\/strong><\/p>\t\t\t\t\t\t\t\t<\/div>\n\t\t\t\t<\/div>\n\t\t\t\t<div class=\"elementor-element elementor-element-7fa417c elementor-widget elementor-widget-text-editor\" data-id=\"7fa417c\" data-element_type=\"widget\" data-widget_type=\"text-editor.default\">\n\t\t\t\t<div class=\"elementor-widget-container\">\n\t\t\t\t\t\t\t\t\t<p class=\"ql-align-center\">Estadio Atahualpa<\/p>\t\t\t\t\t\t\t\t<\/div>\n\t\t\t\t<\/div>\n\t\t\t\t<div class=\"elementor-element elementor-element-b82c143 elementor-icon-list--layout-traditional elementor-list-item-link-full_width elementor-widget elementor-widget-icon-list\" data-id=\"b82c143\" data-element_type=\"widget\" data-widget_type=\"icon-list.default\">\n\t\t\t\t<div class=\"elementor-widget-container\">\n\t\t\t\t\t\t\t<ul class=\"elementor-icon-list-items\">\n\t\t\t\t\t\t\t<li class=\"elementor-icon-list-item\">\n\t\t\t\t\t\t\t\t\t\t\t<a href=\"https:\/\/visitquito.ec\/es\/ed-sheeran-23-de-mayo\/\">\n\n\t\t\t\t\t\t\t\t\t\t\t\t<span class=\"elementor-icon-list-icon\">\n\t\t\t\t\t\t\t<svg aria-hidden=\"true\" class=\"e-font-icon-svg e-fas-external-link-alt\" viewBox=\"0 0 512 512\" xmlns=\"http:\/\/www.w3.org\/2000\/svg\"><path d=\"M432,320H400a16,16,0,0,0-16,16V448H64V128H208a16,16,0,0,0,16-16V80a16,16,0,0,0-16-16H48A48,48,0,0,0,0,112V464a48,48,0,0,0,48,48H400a48,48,0,0,0,48-48V336A16,16,0,0,0,432,320ZM488,0h-128c-21.37,0-32.05,25.91-17,41l35.73,35.73L135,320.37a24,24,0,0,0,0,34L157.67,377a24,24,0,0,0,34,0L435.28,133.32,471,169c15,15,41,4.5,41-17V24A24,24,0,0,0,488,0Z\"><\/path><\/svg>\t\t\t\t\t\t<\/span>\n\t\t\t\t\t\t\t\t\t\t<span class=\"elementor-icon-list-text\">M\u00e1s Info.<\/span>\n\t\t\t\t\t\t\t\t\t\t\t<\/a>\n\t\t\t\t\t\t\t\t\t<\/li>\n\t\t\t\t\t\t<\/ul>\n\t\t\t\t\t\t<\/div>\n\t\t\t\t<\/div>\n\t\t\t\t<\/div>\n\t\t<div class=\"elementor-element elementor-element-ebf8a27 e-con-full e-flex e-con e-child\" data-id=\"ebf8a27\" data-element_type=\"container\">\n\t\t\t\t<div class=\"elementor-element elementor-element-9a23f8c elementor-widget elementor-widget-image\" data-id=\"9a23f8c\" data-element_type=\"widget\" data-widget_type=\"image.default\">\n\t\t\t\t<div class=\"elementor-widget-container\">\n\t\t\t\t\t\t\t\t\t\t\t\t\t\t\t\t<a href=\"https:\/\/visitquito.ec\/es\/ed-sheeran-23-de-mayo\/\">\n\t\t\t\t\t\t\t<img decoding=\"async\" width=\"500\" height=\"315\" src=\"https:\/\/visitquito.ec\/wp-content\/uploads\/2026\/04\/Ed-Sheran-23mayo.jpg\" class=\"elementor-animation-sink attachment-large size-large wp-image-9276\" alt=\"Ed Sheeran en Quito - Quito Turismo - VisitQuito\" srcset=\"https:\/\/visitquito.ec\/wp-content\/uploads\/2026\/04\/Ed-Sheran-23mayo.jpg 500w, https:\/\/visitquito.ec\/wp-content\/uploads\/2026\/04\/Ed-Sheran-23mayo-300x189.jpg 300w\" sizes=\"(max-width: 500px) 100vw, 500px\" \/>\t\t\t\t\t\t\t\t<\/a>\n\t\t\t\t\t\t\t\t\t\t\t\t\t\t\t<\/div>\n\t\t\t\t<\/div>\n\t\t\t\t<\/div>\n\t\t\t\t\t<\/div>\n\t\t\t\t<\/div>\n\t\t<div class=\"elementor-element elementor-element-b82faa3 e-flex e-con-boxed e-con e-parent\" data-id=\"b82faa3\" data-element_type=\"container\" data-settings=\"{&quot;background_background&quot;:&quot;classic&quot;}\">\n\t\t\t\t\t<div class=\"e-con-inner\">\n\t\t<div class=\"elementor-element elementor-element-69d2466 e-con-full e-flex e-con e-child\" data-id=\"69d2466\" data-element_type=\"container\">\n\t\t\t\t<div class=\"elementor-element elementor-element-0f266f3 elementor-widget elementor-widget-text-editor\" data-id=\"0f266f3\" data-element_type=\"widget\" data-widget_type=\"text-editor.default\">\n\t\t\t\t<div class=\"elementor-widget-container\">\n\t\t\t\t\t\t\t\t\t<p><strong>12 MAY<\/strong><\/p>\t\t\t\t\t\t\t\t<\/div>\n\t\t\t\t<\/div>\n\t\t\t\t<\/div>\n\t\t<div class=\"elementor-element elementor-element-532eee6 e-con-full e-flex e-con e-child\" data-id=\"532eee6\" data-element_type=\"container\">\n\t\t\t\t<div class=\"elementor-element elementor-element-2c4387e elementor-widget elementor-widget-text-editor\" data-id=\"2c4387e\" data-element_type=\"widget\" data-widget_type=\"text-editor.default\">\n\t\t\t\t<div class=\"elementor-widget-container\">\n\t\t\t\t\t\t\t\t\t<p style=\"text-align: center;\"><strong>FTC LIVE AL PARQUE<\/strong><\/p>\t\t\t\t\t\t\t\t<\/div>\n\t\t\t\t<\/div>\n\t\t\t\t<div class=\"elementor-element elementor-element-bb178d4 elementor-widget elementor-widget-text-editor\" data-id=\"bb178d4\" data-element_type=\"widget\" data-widget_type=\"text-editor.default\">\n\t\t\t\t<div class=\"elementor-widget-container\">\n\t\t\t\t\t\t\t\t\t<p class=\"ql-align-center\">Parque Bicentenario<br \/>YANDEL SINF\u00d3NICO \u2219 MYKE TOWERS<br \/>LOST FREQUENCIES<br \/>FRUKO Y SUS TESOS<\/p>\t\t\t\t\t\t\t\t<\/div>\n\t\t\t\t<\/div>\n\t\t\t\t<div class=\"elementor-element elementor-element-4eebf78 elementor-icon-list--layout-traditional elementor-list-item-link-full_width elementor-widget elementor-widget-icon-list\" data-id=\"4eebf78\" data-element_type=\"widget\" data-widget_type=\"icon-list.default\">\n\t\t\t\t<div class=\"elementor-widget-container\">\n\t\t\t\t\t\t\t<ul class=\"elementor-icon-list-items\">\n\t\t\t\t\t\t\t<li class=\"elementor-icon-list-item\">\n\t\t\t\t\t\t\t\t\t\t\t<a href=\"https:\/\/visitquito.ec\/es\/ftc-live-al-parque-29-agosto\/\">\n\n\t\t\t\t\t\t\t\t\t\t\t\t<span class=\"elementor-icon-list-icon\">\n\t\t\t\t\t\t\t<svg aria-hidden=\"true\" class=\"e-font-icon-svg e-fas-external-link-alt\" viewBox=\"0 0 512 512\" xmlns=\"http:\/\/www.w3.org\/2000\/svg\"><path d=\"M432,320H400a16,16,0,0,0-16,16V448H64V128H208a16,16,0,0,0,16-16V80a16,16,0,0,0-16-16H48A48,48,0,0,0,0,112V464a48,48,0,0,0,48,48H400a48,48,0,0,0,48-48V336A16,16,0,0,0,432,320ZM488,0h-128c-21.37,0-32.05,25.91-17,41l35.73,35.73L135,320.37a24,24,0,0,0,0,34L157.67,377a24,24,0,0,0,34,0L435.28,133.32,471,169c15,15,41,4.5,41-17V24A24,24,0,0,0,488,0Z\"><\/path><\/svg>\t\t\t\t\t\t<\/span>\n\t\t\t\t\t\t\t\t\t\t<span class=\"elementor-icon-list-text\">M\u00e1s Info.<\/span>\n\t\t\t\t\t\t\t\t\t\t\t<\/a>\n\t\t\t\t\t\t\t\t\t<\/li>\n\t\t\t\t\t\t<\/ul>\n\t\t\t\t\t\t<\/div>\n\t\t\t\t<\/div>\n\t\t\t\t<\/div>\n\t\t<div class=\"elementor-element elementor-element-0006ace e-con-full e-flex e-con e-child\" data-id=\"0006ace\" data-element_type=\"container\">\n\t\t\t\t<div class=\"elementor-element elementor-element-e7d7039 elementor-widget elementor-widget-image\" data-id=\"e7d7039\" data-element_type=\"widget\" data-widget_type=\"image.default\">\n\t\t\t\t<div class=\"elementor-widget-container\">\n\t\t\t\t\t\t\t\t\t\t\t\t\t\t\t\t<a href=\"https:\/\/visitquito.ec\/es\/ftc-live-al-parque-29-agosto\/\">\n\t\t\t\t\t\t\t<img loading=\"lazy\" decoding=\"async\" width=\"500\" height=\"315\" src=\"https:\/\/visitquito.ec\/wp-content\/uploads\/2026\/04\/FTC-29-de-agosto.jpg\" class=\"elementor-animation-sink attachment-large size-large wp-image-9278\" alt=\"FTC al Parque en Quito - Quito Turismo - VisitQuito\" srcset=\"https:\/\/visitquito.ec\/wp-content\/uploads\/2026\/04\/FTC-29-de-agosto.jpg 500w, https:\/\/visitquito.ec\/wp-content\/uploads\/2026\/04\/FTC-29-de-agosto-300x189.jpg 300w\" sizes=\"(max-width: 500px) 100vw, 500px\" \/>\t\t\t\t\t\t\t\t<\/a>\n\t\t\t\t\t\t\t\t\t\t\t\t\t\t\t<\/div>\n\t\t\t\t<\/div>\n\t\t\t\t<\/div>\n\t\t\t\t\t<\/div>\n\t\t\t\t<\/div>\n\t\t\t\t<\/div>\n\t\t","protected":false},"excerpt":{"rendered":"<p>AGENDA DE GRANDES EVENTOS DE LA CIUDAD 30 ABR SEBASTIAN YATRA Coliseo General Ruminahui M\u00e1s Info. 12 MAY MON LAFERTE Parque Bicentenario M\u00e1s Info. 23 MAY ED SHEERAN Estadio Atahualpa M\u00e1s Info. 12 MAY FTC LIVE AL PARQUE Parque BicentenarioYANDEL SINF\u00d3NICO \u2219 MYKE TOWERSLOST FREQUENCIESFRUKO Y SUS TESOS M\u00e1s Info.<\/p>\n","protected":false},"author":12,"featured_media":9217,"parent":0,"menu_order":0,"comment_status":"closed","ping_status":"closed","template":"","meta":{"footnotes":""},"class_list":["post-9326","page","type-page","status-publish","has-post-thumbnail","hentry"],"aioseo_notices":[],"_links":{"self":[{"href":"https:\/\/visitquito.ec\/es\/wp-json\/wp\/v2\/pages\/9326","targetHints":{"allow":["GET"]}}],"collection":[{"href":"https:\/\/visitquito.ec\/es\/wp-json\/wp\/v2\/pages"}],"about":[{"href":"https:\/\/visitquito.ec\/es\/wp-json\/wp\/v2\/types\/page"}],"author":[{"embeddable":true,"href":"https:\/\/visitquito.ec\/es\/wp-json\/wp\/v2\/users\/12"}],"replies":[{"embeddable":true,"href":"https:\/\/visitquito.ec\/es\/wp-json\/wp\/v2\/comments?post=9326"}],"version-history":[{"count":44,"href":"https:\/\/visitquito.ec\/es\/wp-json\/wp\/v2\/pages\/9326\/revisions"}],"predecessor-version":[{"id":9844,"href":"https:\/\/visitquito.ec\/es\/wp-json\/wp\/v2\/pages\/9326\/revisions\/9844"}],"wp:featuredmedia":[{"embeddable":true,"href":"https:\/\/visitquito.ec\/es\/wp-json\/wp\/v2\/media\/9217"}],"wp:attachment":[{"href":"https:\/\/visitquito.ec\/es\/wp-json\/wp\/v2\/media?parent=9326"}],"curies":[{"name":"wp","href":"https:\/\/api.w.org\/{rel}","templated":true}]}}