{"id":9717,"date":"2026-04-16T11:26:08","date_gmt":"2026-04-16T16:26:08","guid":{"rendered":"https:\/\/visitquito.ec\/?page_id=9717"},"modified":"2026-04-16T12:00:57","modified_gmt":"2026-04-16T17:00:57","slug":"guias-y-material-para-descubrir-que-hacer-en-quito","status":"publish","type":"page","link":"https:\/\/visitquito.ec\/es\/guias-y-material-para-descubrir-que-hacer-en-quito\/","title":{"rendered":"Gu\u00edas y material para descubrir qu\u00e9 hacer en Quito"},"content":{"rendered":"\t\t<div data-elementor-type=\"wp-page\" data-elementor-id=\"9717\" class=\"elementor elementor-9717\" data-elementor-post-type=\"page\">\n\t\t\t\t<div class=\"elementor-element elementor-element-453aa99 e-flex e-con-boxed e-con e-parent\" data-id=\"453aa99\" data-element_type=\"container\">\n\t\t\t\t\t<div class=\"e-con-inner\">\n\t\t\t\t<div class=\"elementor-element elementor-element-66ffd37 elementor-widget elementor-widget-image\" data-id=\"66ffd37\" data-element_type=\"widget\" data-widget_type=\"image.default\">\n\t\t\t\t<div class=\"elementor-widget-container\">\n\t\t\t\t\t\t\t\t\t\t\t\t\t\t\t<img fetchpriority=\"high\" decoding=\"async\" width=\"1280\" height=\"350\" src=\"https:\/\/visitquito.ec\/wp-content\/uploads\/2026\/04\/banner-guias-pdf-1.jpg\" class=\"elementor-animation-bob attachment-full size-full wp-image-9771\" alt=\"\" srcset=\"https:\/\/visitquito.ec\/wp-content\/uploads\/2026\/04\/banner-guias-pdf-1.jpg 1280w, https:\/\/visitquito.ec\/wp-content\/uploads\/2026\/04\/banner-guias-pdf-1-300x82.jpg 300w, https:\/\/visitquito.ec\/wp-content\/uploads\/2026\/04\/banner-guias-pdf-1-1024x280.jpg 1024w, https:\/\/visitquito.ec\/wp-content\/uploads\/2026\/04\/banner-guias-pdf-1-768x210.jpg 768w\" sizes=\"(max-width: 1280px) 100vw, 1280px\" \/>\t\t\t\t\t\t\t\t\t\t\t\t\t\t\t<\/div>\n\t\t\t\t<\/div>\n\t\t\t\t\t<\/div>\n\t\t\t\t<\/div>\n\t\t<div class=\"elementor-element elementor-element-2411ead e-flex e-con-boxed e-con e-parent\" data-id=\"2411ead\" data-element_type=\"container\">\n\t\t\t\t\t<div class=\"e-con-inner\">\n\t\t<div class=\"elementor-element elementor-element-0b1aed0 e-con-full e-flex e-con e-child\" data-id=\"0b1aed0\" data-element_type=\"container\">\n\t\t<div class=\"elementor-element elementor-element-aba7e0e e-con-full e-flex e-con e-child\" data-id=\"aba7e0e\" data-element_type=\"container\">\n\t\t\t\t<div class=\"elementor-element elementor-element-f6861eb elementor-widget-divider--view-line elementor-widget elementor-widget-divider\" data-id=\"f6861eb\" data-element_type=\"widget\" data-widget_type=\"divider.default\">\n\t\t\t\t<div class=\"elementor-widget-container\">\n\t\t\t\t\t\t\t<div class=\"elementor-divider\">\n\t\t\t<span class=\"elementor-divider-separator\">\n\t\t\t\t\t\t<\/span>\n\t\t<\/div>\n\t\t\t\t\t\t<\/div>\n\t\t\t\t<\/div>\n\t\t\t\t<div class=\"elementor-element elementor-element-e998e4c elementor-widget elementor-widget-heading\" data-id=\"e998e4c\" data-element_type=\"widget\" data-widget_type=\"heading.default\">\n\t\t\t\t<div class=\"elementor-widget-container\">\n\t\t\t\t\t<h1 class=\"elementor-heading-title elementor-size-default\">Qu\u00e9 hacer en Quito | Gu\u00edas y material descargable<\/h1>\t\t\t\t<\/div>\n\t\t\t\t<\/div>\n\t\t\t\t<div class=\"elementor-element elementor-element-97230e0 elementor-widget elementor-widget-text-editor\" data-id=\"97230e0\" data-element_type=\"widget\" data-widget_type=\"text-editor.default\">\n\t\t\t\t<div class=\"elementor-widget-container\">\n\t\t\t\t\t\t\t\t\t<p>Explora y descarga gu\u00edas, mapas y material tur\u00edstico para descubrir qu\u00e9 hacer en Quito.\u00a0<\/p>\t\t\t\t\t\t\t\t<\/div>\n\t\t\t\t<\/div>\n\t\t\t\t<div class=\"elementor-element elementor-element-0457370 elementor-widget elementor-widget-text-editor\" data-id=\"0457370\" data-element_type=\"widget\" data-widget_type=\"text-editor.default\">\n\t\t\t\t<div class=\"elementor-widget-container\">\n\t\t\t\t\t\t\t\t\t<p>\u00a0En este espacio encontrar\u00e1s recursos \u00fatiles para planificar tu visita, <strong>conocer los principales atractivos de la ciudad y vivir experiencias \u00fanicas.<\/strong>\u00a0<\/p>\t\t\t\t\t\t\t\t<\/div>\n\t\t\t\t<\/div>\n\t\t\t\t<\/div>\n\t\t\t\t<\/div>\n\t\t\t\t\t<\/div>\n\t\t\t\t<\/div>\n\t\t<div class=\"elementor-element elementor-element-6532e68 e-flex e-con-boxed e-con e-parent\" data-id=\"6532e68\" data-element_type=\"container\">\n\t\t\t\t\t<div class=\"e-con-inner\">\n\t\t<div class=\"elementor-element elementor-element-b84766c e-con-full e-flex e-con e-child\" data-id=\"b84766c\" data-element_type=\"container\">\n\t\t\t\t<div class=\"elementor-element elementor-element-7432d5a elementor-widget elementor-widget-image\" data-id=\"7432d5a\" data-element_type=\"widget\" data-widget_type=\"image.default\">\n\t\t\t\t<div class=\"elementor-widget-container\">\n\t\t\t\t\t\t\t\t\t\t\t\t\t\t\t\t<a href=\"https:\/\/visitquito.ec\/wp-content\/uploads\/2026\/04\/MAPA_2023_DIGITAL.pdf\" target=\"_blank\">\n\t\t\t\t\t\t\t<img decoding=\"async\" width=\"800\" height=\"800\" src=\"https:\/\/visitquito.ec\/wp-content\/uploads\/2026\/04\/mapa-de-quito.jpg\" class=\"elementor-animation-bob attachment-large size-large wp-image-9744\" alt=\"\" srcset=\"https:\/\/visitquito.ec\/wp-content\/uploads\/2026\/04\/mapa-de-quito.jpg 800w, https:\/\/visitquito.ec\/wp-content\/uploads\/2026\/04\/mapa-de-quito-300x300.jpg 300w, https:\/\/visitquito.ec\/wp-content\/uploads\/2026\/04\/mapa-de-quito-150x150.jpg 150w, https:\/\/visitquito.ec\/wp-content\/uploads\/2026\/04\/mapa-de-quito-768x768.jpg 768w, https:\/\/visitquito.ec\/wp-content\/uploads\/2026\/04\/mapa-de-quito-60x60.jpg 60w\" sizes=\"(max-width: 800px) 100vw, 800px\" \/>\t\t\t\t\t\t\t\t<\/a>\n\t\t\t\t\t\t\t\t\t\t\t\t\t\t\t<\/div>\n\t\t\t\t<\/div>\n\t\t\t\t<\/div>\n\t\t<div class=\"elementor-element elementor-element-68726a1 e-con-full e-flex e-con e-child\" data-id=\"68726a1\" data-element_type=\"container\">\n\t\t\t\t<div class=\"elementor-element elementor-element-0a25c36 elementor-widget elementor-widget-image\" data-id=\"0a25c36\" data-element_type=\"widget\" data-widget_type=\"image.default\">\n\t\t\t\t<div class=\"elementor-widget-container\">\n\t\t\t\t\t\t\t\t\t\t\t\t\t\t\t\t<a href=\"https:\/\/visitquito.ec\/wp-content\/uploads\/2026\/04\/centrohistorico.pdf\" target=\"_blank\">\n\t\t\t\t\t\t\t<img decoding=\"async\" width=\"800\" height=\"800\" src=\"https:\/\/visitquito.ec\/wp-content\/uploads\/2026\/04\/centro-historico.jpg\" class=\"elementor-animation-bob attachment-large size-large wp-image-9740\" alt=\"\" srcset=\"https:\/\/visitquito.ec\/wp-content\/uploads\/2026\/04\/centro-historico.jpg 800w, https:\/\/visitquito.ec\/wp-content\/uploads\/2026\/04\/centro-historico-300x300.jpg 300w, https:\/\/visitquito.ec\/wp-content\/uploads\/2026\/04\/centro-historico-150x150.jpg 150w, https:\/\/visitquito.ec\/wp-content\/uploads\/2026\/04\/centro-historico-768x768.jpg 768w, https:\/\/visitquito.ec\/wp-content\/uploads\/2026\/04\/centro-historico-60x60.jpg 60w\" sizes=\"(max-width: 800px) 100vw, 800px\" \/>\t\t\t\t\t\t\t\t<\/a>\n\t\t\t\t\t\t\t\t\t\t\t\t\t\t\t<\/div>\n\t\t\t\t<\/div>\n\t\t\t\t<\/div>\n\t\t<div class=\"elementor-element elementor-element-cfdc3c3 e-con-full e-flex e-con e-child\" data-id=\"cfdc3c3\" data-element_type=\"container\">\n\t\t\t\t<div class=\"elementor-element elementor-element-c74cd84 elementor-widget elementor-widget-image\" data-id=\"c74cd84\" data-element_type=\"widget\" data-widget_type=\"image.default\">\n\t\t\t\t<div class=\"elementor-widget-container\">\n\t\t\t\t\t\t\t\t\t\t\t\t\t\t\t\t<a href=\"https:\/\/visitquito.ec\/wp-content\/uploads\/2026\/04\/parroquias_urbanas_compressed.pdf\" target=\"_blank\">\n\t\t\t\t\t\t\t<img loading=\"lazy\" decoding=\"async\" width=\"800\" height=\"800\" src=\"https:\/\/visitquito.ec\/wp-content\/uploads\/2026\/04\/parroquias-urbanas.jpg\" class=\"elementor-animation-bob attachment-large size-large wp-image-9738\" alt=\"\" srcset=\"https:\/\/visitquito.ec\/wp-content\/uploads\/2026\/04\/parroquias-urbanas.jpg 800w, https:\/\/visitquito.ec\/wp-content\/uploads\/2026\/04\/parroquias-urbanas-300x300.jpg 300w, https:\/\/visitquito.ec\/wp-content\/uploads\/2026\/04\/parroquias-urbanas-150x150.jpg 150w, https:\/\/visitquito.ec\/wp-content\/uploads\/2026\/04\/parroquias-urbanas-768x768.jpg 768w, https:\/\/visitquito.ec\/wp-content\/uploads\/2026\/04\/parroquias-urbanas-60x60.jpg 60w\" sizes=\"(max-width: 800px) 100vw, 800px\" \/>\t\t\t\t\t\t\t\t<\/a>\n\t\t\t\t\t\t\t\t\t\t\t\t\t\t\t<\/div>\n\t\t\t\t<\/div>\n\t\t\t\t<\/div>\n\t\t<div class=\"elementor-element elementor-element-dd5448d e-con-full e-flex e-con e-child\" data-id=\"dd5448d\" data-element_type=\"container\">\n\t\t\t\t<div class=\"elementor-element elementor-element-a8156a4 elementor-widget elementor-widget-image\" data-id=\"a8156a4\" data-element_type=\"widget\" data-widget_type=\"image.default\">\n\t\t\t\t<div class=\"elementor-widget-container\">\n\t\t\t\t\t\t\t\t\t\t\t\t\t\t\t\t<a href=\"https:\/\/visitquito.ec\/wp-content\/uploads\/2026\/04\/parroquias_rurales_compressed.pdf\" target=\"_blank\">\n\t\t\t\t\t\t\t<img loading=\"lazy\" decoding=\"async\" width=\"800\" height=\"800\" src=\"https:\/\/visitquito.ec\/wp-content\/uploads\/2026\/04\/parroquias-rurales.jpg\" class=\"elementor-animation-bob attachment-large size-large wp-image-9742\" alt=\"\" srcset=\"https:\/\/visitquito.ec\/wp-content\/uploads\/2026\/04\/parroquias-rurales.jpg 800w, https:\/\/visitquito.ec\/wp-content\/uploads\/2026\/04\/parroquias-rurales-300x300.jpg 300w, https:\/\/visitquito.ec\/wp-content\/uploads\/2026\/04\/parroquias-rurales-150x150.jpg 150w, https:\/\/visitquito.ec\/wp-content\/uploads\/2026\/04\/parroquias-rurales-768x768.jpg 768w, https:\/\/visitquito.ec\/wp-content\/uploads\/2026\/04\/parroquias-rurales-60x60.jpg 60w\" sizes=\"(max-width: 800px) 100vw, 800px\" \/>\t\t\t\t\t\t\t\t<\/a>\n\t\t\t\t\t\t\t\t\t\t\t\t\t\t\t<\/div>\n\t\t\t\t<\/div>\n\t\t\t\t<\/div>\n\t\t\t\t\t<\/div>\n\t\t\t\t<\/div>\n\t\t<div class=\"elementor-element elementor-element-3956c1c e-flex e-con-boxed e-con e-parent\" data-id=\"3956c1c\" data-element_type=\"container\">\n\t\t\t\t\t<div class=\"e-con-inner\">\n\t\t<div class=\"elementor-element elementor-element-a90c453 e-con-full e-flex e-con e-child\" data-id=\"a90c453\" data-element_type=\"container\">\n\t\t\t\t<div class=\"elementor-element elementor-element-0b1eada elementor-widget elementor-widget-image\" data-id=\"0b1eada\" data-element_type=\"widget\" data-widget_type=\"image.default\">\n\t\t\t\t<div class=\"elementor-widget-container\">\n\t\t\t\t\t\t\t\t\t\t\t\t\t\t\t\t<a href=\"https:\/\/visitquito.ec\/wp-content\/uploads\/2026\/04\/MIniTradeQuito_ESP_compressed-1.pdf\" target=\"_blank\">\n\t\t\t\t\t\t\t<img loading=\"lazy\" decoding=\"async\" width=\"800\" height=\"800\" src=\"https:\/\/visitquito.ec\/wp-content\/uploads\/2026\/04\/MINITRADE-Espanol.jpg\" class=\"elementor-animation-bob attachment-large size-large wp-image-9736\" alt=\"\" srcset=\"https:\/\/visitquito.ec\/wp-content\/uploads\/2026\/04\/MINITRADE-Espanol.jpg 800w, https:\/\/visitquito.ec\/wp-content\/uploads\/2026\/04\/MINITRADE-Espanol-300x300.jpg 300w, https:\/\/visitquito.ec\/wp-content\/uploads\/2026\/04\/MINITRADE-Espanol-150x150.jpg 150w, https:\/\/visitquito.ec\/wp-content\/uploads\/2026\/04\/MINITRADE-Espanol-768x768.jpg 768w, https:\/\/visitquito.ec\/wp-content\/uploads\/2026\/04\/MINITRADE-Espanol-60x60.jpg 60w\" sizes=\"(max-width: 800px) 100vw, 800px\" \/>\t\t\t\t\t\t\t\t<\/a>\n\t\t\t\t\t\t\t\t\t\t\t\t\t\t\t<\/div>\n\t\t\t\t<\/div>\n\t\t\t\t<\/div>\n\t\t<div class=\"elementor-element elementor-element-2f3f059 e-con-full e-flex e-con e-child\" data-id=\"2f3f059\" data-element_type=\"container\">\n\t\t\t\t<div class=\"elementor-element elementor-element-9c48b11 elementor-widget elementor-widget-image\" data-id=\"9c48b11\" data-element_type=\"widget\" data-widget_type=\"image.default\">\n\t\t\t\t<div class=\"elementor-widget-container\">\n\t\t\t\t\t\t\t\t\t\t\t\t\t\t\t\t<a href=\"https:\/\/visitquito.ec\/wp-content\/uploads\/2026\/04\/MIniTradeQuito_ENG_compressed.pdf\" target=\"_blank\">\n\t\t\t\t\t\t\t<img loading=\"lazy\" decoding=\"async\" width=\"800\" height=\"800\" src=\"https:\/\/visitquito.ec\/wp-content\/uploads\/2026\/04\/MINITRADE-Ingles.jpg\" class=\"elementor-animation-bob attachment-large size-large wp-image-9750\" alt=\"\" srcset=\"https:\/\/visitquito.ec\/wp-content\/uploads\/2026\/04\/MINITRADE-Ingles.jpg 800w, https:\/\/visitquito.ec\/wp-content\/uploads\/2026\/04\/MINITRADE-Ingles-300x300.jpg 300w, https:\/\/visitquito.ec\/wp-content\/uploads\/2026\/04\/MINITRADE-Ingles-150x150.jpg 150w, https:\/\/visitquito.ec\/wp-content\/uploads\/2026\/04\/MINITRADE-Ingles-768x768.jpg 768w, https:\/\/visitquito.ec\/wp-content\/uploads\/2026\/04\/MINITRADE-Ingles-60x60.jpg 60w\" sizes=\"(max-width: 800px) 100vw, 800px\" \/>\t\t\t\t\t\t\t\t<\/a>\n\t\t\t\t\t\t\t\t\t\t\t\t\t\t\t<\/div>\n\t\t\t\t<\/div>\n\t\t\t\t<\/div>\n\t\t<div class=\"elementor-element elementor-element-1614f2b e-con-full e-flex e-con e-child\" data-id=\"1614f2b\" data-element_type=\"container\">\n\t\t\t\t<div class=\"elementor-element elementor-element-265eb6a elementor-widget elementor-widget-image\" data-id=\"265eb6a\" data-element_type=\"widget\" data-widget_type=\"image.default\">\n\t\t\t\t<div class=\"elementor-widget-container\">\n\t\t\t\t\t\t\t\t\t\t\t\t\t\t\t\t<a href=\"https:\/\/visitquito.ec\/wp-content\/uploads\/2026\/04\/BirdsOfQuito-2.pdf\" target=\"_blank\">\n\t\t\t\t\t\t\t<img loading=\"lazy\" decoding=\"async\" width=\"800\" height=\"800\" src=\"https:\/\/visitquito.ec\/wp-content\/uploads\/2026\/04\/Birds-of-Quito.jpg\" class=\"elementor-animation-bob attachment-large size-large wp-image-9748\" alt=\"\" srcset=\"https:\/\/visitquito.ec\/wp-content\/uploads\/2026\/04\/Birds-of-Quito.jpg 800w, https:\/\/visitquito.ec\/wp-content\/uploads\/2026\/04\/Birds-of-Quito-300x300.jpg 300w, https:\/\/visitquito.ec\/wp-content\/uploads\/2026\/04\/Birds-of-Quito-150x150.jpg 150w, https:\/\/visitquito.ec\/wp-content\/uploads\/2026\/04\/Birds-of-Quito-768x768.jpg 768w, https:\/\/visitquito.ec\/wp-content\/uploads\/2026\/04\/Birds-of-Quito-60x60.jpg 60w\" sizes=\"(max-width: 800px) 100vw, 800px\" \/>\t\t\t\t\t\t\t\t<\/a>\n\t\t\t\t\t\t\t\t\t\t\t\t\t\t\t<\/div>\n\t\t\t\t<\/div>\n\t\t\t\t<\/div>\n\t\t<div class=\"elementor-element elementor-element-18bd221 e-con-full e-flex e-con e-child\" data-id=\"18bd221\" data-element_type=\"container\">\n\t\t\t\t<div class=\"elementor-element elementor-element-7bb50b4 elementor-widget elementor-widget-image\" data-id=\"7bb50b4\" data-element_type=\"widget\" data-widget_type=\"image.default\">\n\t\t\t\t<div class=\"elementor-widget-container\">\n\t\t\t\t\t\t\t\t\t\t\t\t\t\t\t\t<a href=\"https:\/\/visitquito.ec\/wp-content\/uploads\/2026\/04\/Folleto-BirdsOfQuito.pdf\" target=\"_blank\">\n\t\t\t\t\t\t\t<img loading=\"lazy\" decoding=\"async\" width=\"800\" height=\"800\" src=\"https:\/\/visitquito.ec\/wp-content\/uploads\/2026\/04\/Aves-de-Quito.jpg\" class=\"elementor-animation-bob attachment-large size-large wp-image-9746\" alt=\"\" srcset=\"https:\/\/visitquito.ec\/wp-content\/uploads\/2026\/04\/Aves-de-Quito.jpg 800w, https:\/\/visitquito.ec\/wp-content\/uploads\/2026\/04\/Aves-de-Quito-300x300.jpg 300w, https:\/\/visitquito.ec\/wp-content\/uploads\/2026\/04\/Aves-de-Quito-150x150.jpg 150w, https:\/\/visitquito.ec\/wp-content\/uploads\/2026\/04\/Aves-de-Quito-768x768.jpg 768w, https:\/\/visitquito.ec\/wp-content\/uploads\/2026\/04\/Aves-de-Quito-60x60.jpg 60w\" sizes=\"(max-width: 800px) 100vw, 800px\" \/>\t\t\t\t\t\t\t\t<\/a>\n\t\t\t\t\t\t\t\t\t\t\t\t\t\t\t<\/div>\n\t\t\t\t<\/div>\n\t\t\t\t<\/div>\n\t\t\t\t\t<\/div>\n\t\t\t\t<\/div>\n\t\t\t\t<\/div>\n\t\t","protected":false},"excerpt":{"rendered":"<p>Qu\u00e9 hacer en Quito | Gu\u00edas y material descargable Explora y descarga gu\u00edas, mapas y material tur\u00edstico para descubrir qu\u00e9 hacer en Quito.\u00a0 \u00a0En este espacio encontrar\u00e1s recursos \u00fatiles para planificar tu visita, conocer los principales atractivos de la ciudad y vivir experiencias \u00fanicas.\u00a0<\/p>\n","protected":false},"author":12,"featured_media":0,"parent":0,"menu_order":0,"comment_status":"closed","ping_status":"closed","template":"","meta":{"footnotes":""},"class_list":["post-9717","page","type-page","status-publish","hentry"],"aioseo_notices":[],"_links":{"self":[{"href":"https:\/\/visitquito.ec\/es\/wp-json\/wp\/v2\/pages\/9717","targetHints":{"allow":["GET"]}}],"collection":[{"href":"https:\/\/visitquito.ec\/es\/wp-json\/wp\/v2\/pages"}],"about":[{"href":"https:\/\/visitquito.ec\/es\/wp-json\/wp\/v2\/types\/page"}],"author":[{"embeddable":true,"href":"https:\/\/visitquito.ec\/es\/wp-json\/wp\/v2\/users\/12"}],"replies":[{"embeddable":true,"href":"https:\/\/visitquito.ec\/es\/wp-json\/wp\/v2\/comments?post=9717"}],"version-history":[{"count":26,"href":"https:\/\/visitquito.ec\/es\/wp-json\/wp\/v2\/pages\/9717\/revisions"}],"predecessor-version":[{"id":9781,"href":"https:\/\/visitquito.ec\/es\/wp-json\/wp\/v2\/pages\/9717\/revisions\/9781"}],"wp:attachment":[{"href":"https:\/\/visitquito.ec\/es\/wp-json\/wp\/v2\/media?parent=9717"}],"curies":[{"name":"wp","href":"https:\/\/api.w.org\/{rel}","templated":true}]}}